{"id":2220,"date":"2025-04-20T10:38:36","date_gmt":"2025-04-20T08:38:36","guid":{"rendered":"https:\/\/ad-aclille.fr\/?page_id=2220"},"modified":"2025-12-26T18:30:07","modified_gmt":"2025-12-26T17:30:07","slug":"les-circulaires","status":"publish","type":"page","link":"https:\/\/ad-aclille.fr\/index.php\/les-circulaires\/","title":{"rendered":"Les circulaires"},"content":{"rendered":"<p><a href=\"https:\/\/ad-aclille.fr\/wp-content\/uploads\/2025\/12\/Circulaire-dispositif-PASSERELLE-IRA-2026.pdf\" target=\"_blank\">Circulaire dispositif PASSERELLE IRA 2026<\/a><code>  <\/code>,<code>  <\/code><a href=\"https:\/\/ad-aclille.fr\/wp-content\/uploads\/2025\/12\/Annexe-1-Le-dispositif-en-detail.pdf\" target=\"_blank\">Annexe 1 &#8211; Le dispositif en d\u00e9tail<\/a><code>  <\/code>et son<code>  <\/code><a href=\"https:\/\/ad-aclille.fr\/wp-content\/uploads\/2025\/12\/Annexe-2-Dossier-de-candidature.docx\" target=\"_blank\">Annexe 2 &#8211; Dossier de candidature<\/a> .<\/p>\n<p><a href=\"https:\/\/ad-aclille.fr\/wp-content\/uploads\/2025\/12\/Circulaire-campagne-2025-Forfait-Mobilites-Durables-FMD-Annexes-12.pdf\" target=\"_blank\">Circulaire campagne 2025 Forfait Mobilit\u00e9s Durables (FMD)<\/a><\/p>\n<p><a href=\"https:\/\/ad-aclille.fr\/wp-content\/uploads\/2025\/12\/Circulaire-Conges-Bonifies-2026-2027.pdf\" target=\"_blank\">Circulaire Cong\u00e9s Bonifi\u00e9s 2026-2027<\/a><code>  <\/code>et son<code>  <\/code><a href=\"https:\/\/ad-aclille.fr\/wp-content\/uploads\/2025\/12\/Annexe-Circulaire-Conges-Bonifies-2026-2027.pdf\" target=\"_blank\">ANNEXE<\/a> .<\/p>\n<p><a href=\"https:\/\/ad-aclille.fr\/wp-content\/uploads\/2025\/12\/BO-48-du-18-12-2025_Accompagner-les-colleges-les-plus-exposes-a-la-difficulte-scolaire.pdf\" target=\"_blank\">BO 48 du 18-12-2025 Accompagner les coll\u00e8ges les plus expos\u00e9s \u00e0 la difficult\u00e9 scolaire<\/a> .<\/p>\n<p><a href=\"https:\/\/ad-aclille.fr\/wp-content\/uploads\/2025\/12\/Circulaire-disponibilites-conge-de-non-activite-2026-2027.pdf\" target=\"_blank\" rel=\"noopener\">Circulaire disponibilit\u00e9s, cong\u00e9 de non activit\u00e9 2026-2027<\/a> .<\/p>\n<p><a href=\"https:\/\/ad-aclille.fr\/wp-content\/uploads\/2025\/12\/Detachement-rentree-2026.pdf\" target=\"_blank\" rel=\"noopener\">D\u00e9tachement rentr\u00e9e 2026<\/a> .<\/p>\n<p><a href=\"https:\/\/ad-aclille.fr\/wp-content\/uploads\/2025\/11\/Circulaire-controle-Supplement-familiale-de-traitement-SFT-2025-2026.pdf\" target=\"_blank\" rel=\"noopener\">Circulaire contr\u00f4le Suppl\u00e9ment familiale de traitement (SFT) 2025-2026<\/a> .<\/p>\n<p><a href=\"https:\/\/ad-aclille.fr\/wp-content\/uploads\/2025\/11\/Circulaire-CFP-2026-2027.pdf\" target=\"_blank\" rel=\"noopener\">Circulaire CFP 2026-2027<\/a> .<\/p>\n<p><a href=\"https:\/\/ad-aclille.fr\/wp-content\/uploads\/2025\/04\/Circulaire_classe_exceptionnelle_2025.pdf\" target=\"_blank\" rel=\"noopener\">Circulaire_classe_exceptionnelle_2025<\/a> .<\/p>\n<p><a href=\"https:\/\/ad-aclille.fr\/wp-content\/uploads\/2025\/04\/Decret-no-2025-315-du-4-avril-2025-relatif-a-lorganisation-de-la-formation-au-college.pdf\" target=\"_blank\" rel=\"noopener\">D\u00e9cret no 2025-315 du 4 avril 2025 relatif \u00e0 l\u2019organisation de la formation au coll\u00e8ge<\/a> .<\/p>\n<p><a href=\"https:\/\/ad-aclille.fr\/wp-content\/uploads\/2025\/04\/Arrete-du-4-avril-2025-sur-lorganisation-des-enseignements-au-college.pdf\" target=\"_blank\" rel=\"noopener\">Arr\u00eat\u00e9 du 4 avril 2025 sur l\u2019organisation des enseignements au coll\u00e8ge<\/a> .<\/p>\n<p><a href=\"https:\/\/ad-aclille.fr\/wp-content\/uploads\/2025\/11\/Circulaire-Temps-Partiel-2026-2027.pdf\" target=\"_blank\" rel=\"noopener\">Circulaire Temps Partiel 2026-2027<\/a> .<\/p>\n<p><a href=\"https:\/\/ad-aclille.fr\/wp-content\/uploads\/2025\/11\/Circulaire-academique-postes-adaptes-et-allegements-de-service-annee-scol.6-2027.pdf\" target=\"_blank\" rel=\"noopener\">Circulaire acad\u00e9mique postes adapt\u00e9s et all\u00e8gements de service ann\u00e9e 2026-2027<\/a> .<\/p>\n<p><a href=\"https:\/\/ad-aclille.fr\/wp-content\/uploads\/2025\/04\/Annexe-1-schema-organisationnel-dune-demande-damenagement-de-poste-de-travail-2025-2026.pdf\" target=\"_blank\" rel=\"noopener\">Annexe 1- sch\u00e9ma organisationnel d&rsquo;une demande d&rsquo;am\u00e9nagement de poste de travail 2025-2026<\/a> .<\/p>\n<p><a href=\"https:\/\/ad-aclille.fr\/wp-content\/uploads\/2025\/04\/Decret-2025-328-du-10-04-2025-relatif-aux-modalites-de-delivrance-du-DNB.pdf\">D\u00e9cret 2025-328 du 10-04-2025 relatif aux modalit\u00e9s de d\u00e9livrance du DNB<\/a> .<\/p>\n<p><a href=\"https:\/\/ad-aclille.fr\/wp-content\/uploads\/2025\/04\/Arrete-du-10-04-2025-relatif-aux-modalites-de-delivrance-du-DNB.pdf\">Arr\u00eat\u00e9 du 10-04-2025 relatif aux modalit\u00e9s de d\u00e9livrance du DNB<\/a> .<\/p>\n<p><a href=\"https:\/\/ad-aclille.fr\/wp-content\/uploads\/2025\/05\/Decret-no-2025-352-du-17-04-2025-sur-le-recrutement-et-la-formation.pdf\">D\u00e9cret no 2025-352 du 17-04-2025 sur le recrutement et la formation<\/a> .<\/p>\n<p><a href=\"https:\/\/ad-aclille.fr\/wp-content\/uploads\/2025\/07\/Risques-lies-a-la-chaleur_Decret-no-2025-482-du-27-05-2025.pdf\">Risques li\u00e9s \u00e0 la chaleur D\u00e9cret no 2025-482 du 27-05-2025<\/a> .<\/p>\n<p><a href=\"https:\/\/ad-aclille.fr\/wp-content\/uploads\/2025\/11\/Decret-RCD-2023-732-du-08-08-2025.pdf\">Remplacement de courte dur\u00e9e dans les \u00e9tablissements d\u2019enseignement du second degr\u00e9 D\u00e9cret no 2023-732 du 8 ao\u00fbt 2023<\/a> .<\/p>\n","protected":false},"excerpt":{"rendered":"<p>Circulaire dispositif PASSERELLE IRA 2026 , Annexe 1 &#8211; Le dispositif en d\u00e9tail et son Annexe 2 &#8211; Dossier de<\/p>\n","protected":false},"author":3,"featured_media":0,"parent":0,"menu_order":0,"comment_status":"closed","ping_status":"closed","template":"","meta":{"footnotes":""},"class_list":["post-2220","page","type-page","status-publish","hentry","comments-off"],"_links":{"self":[{"href":"https:\/\/ad-aclille.fr\/index.php\/wp-json\/wp\/v2\/pages\/2220","targetHints":{"allow":["GET"]}}],"collection":[{"href":"https:\/\/ad-aclille.fr\/index.php\/wp-json\/wp\/v2\/pages"}],"about":[{"href":"https:\/\/ad-aclille.fr\/index.php\/wp-json\/wp\/v2\/types\/page"}],"author":[{"embeddable":true,"href":"https:\/\/ad-aclille.fr\/index.php\/wp-json\/wp\/v2\/users\/3"}],"replies":[{"embeddable":true,"href":"https:\/\/ad-aclille.fr\/index.php\/wp-json\/wp\/v2\/comments?post=2220"}],"version-history":[{"count":21,"href":"https:\/\/ad-aclille.fr\/index.php\/wp-json\/wp\/v2\/pages\/2220\/revisions"}],"predecessor-version":[{"id":2618,"href":"https:\/\/ad-aclille.fr\/index.php\/wp-json\/wp\/v2\/pages\/2220\/revisions\/2618"}],"wp:attachment":[{"href":"https:\/\/ad-aclille.fr\/index.php\/wp-json\/wp\/v2\/media?parent=2220"}],"curies":[{"name":"wp","href":"https:\/\/api.w.org\/{rel}","templated":true}]}}