{"id":1916,"date":"2025-01-23T22:03:23","date_gmt":"2025-01-23T21:03:23","guid":{"rendered":"https:\/\/ad-aclille.fr\/?page_id=1916"},"modified":"2025-01-23T22:03:23","modified_gmt":"2025-01-23T21:03:23","slug":"les-temoignages-questionnaire","status":"publish","type":"page","link":"https:\/\/ad-aclille.fr\/index.php\/les-temoignages-questionnaire\/","title":{"rendered":"Les t\u00e9moignages &#8211; Questionnaire"},"content":{"rendered":"<p><code style=\"padding-left: 40px;\"><\/code> Action et D\u00e9mocratie vous a apport\u00e9 son aide et vous souhaitez partager votre exp\u00e9rience.<\/br> Vous pouvez compl\u00e9ter le questionnaire suivant. Apr\u00e8s contr\u00f4le, votre t\u00e9moignage sera publi\u00e9 sur notre site et seul votre pr\u00e9nom appara\u00eetra.<\/p>\n<p style=\"text-align: center;\">Merci et \u00e0 tr\u00e8s vite.<\/p>\n<p style=\"text-align: center;\"><iframe loading=\"lazy\" src=\"https:\/\/docs.google.com\/forms\/d\/e\/1FAIpQLSdfBPXEvV1YSbjpZBHFq2ltA36KMQyuGFpEVcvu0-sewIq7Cg\/viewform?embedded=true\" width=\"640\" height=\"1255\" frameborder=\"0\" marginwidth=\"0\" marginheight=\"0\">Chargement\u2026<\/iframe><\/p>\n","protected":false},"excerpt":{"rendered":"<p>Action et D\u00e9mocratie vous a apport\u00e9 son aide et vous souhaitez partager votre exp\u00e9rience. Vous pouvez compl\u00e9ter le questionnaire suivant.<\/p>\n","protected":false},"author":5,"featured_media":0,"parent":0,"menu_order":0,"comment_status":"closed","ping_status":"closed","template":"","meta":{"footnotes":""},"class_list":["post-1916","page","type-page","status-publish","hentry","comments-off"],"_links":{"self":[{"href":"https:\/\/ad-aclille.fr\/index.php\/wp-json\/wp\/v2\/pages\/1916","targetHints":{"allow":["GET"]}}],"collection":[{"href":"https:\/\/ad-aclille.fr\/index.php\/wp-json\/wp\/v2\/pages"}],"about":[{"href":"https:\/\/ad-aclille.fr\/index.php\/wp-json\/wp\/v2\/types\/page"}],"author":[{"embeddable":true,"href":"https:\/\/ad-aclille.fr\/index.php\/wp-json\/wp\/v2\/users\/5"}],"replies":[{"embeddable":true,"href":"https:\/\/ad-aclille.fr\/index.php\/wp-json\/wp\/v2\/comments?post=1916"}],"version-history":[{"count":1,"href":"https:\/\/ad-aclille.fr\/index.php\/wp-json\/wp\/v2\/pages\/1916\/revisions"}],"predecessor-version":[{"id":1918,"href":"https:\/\/ad-aclille.fr\/index.php\/wp-json\/wp\/v2\/pages\/1916\/revisions\/1918"}],"wp:attachment":[{"href":"https:\/\/ad-aclille.fr\/index.php\/wp-json\/wp\/v2\/media?parent=1916"}],"curies":[{"name":"wp","href":"https:\/\/api.w.org\/{rel}","templated":true}]}}