{"id":1805,"date":"2024-12-24T11:40:52","date_gmt":"2024-12-24T10:40:52","guid":{"rendered":"https:\/\/ad-aclille.fr\/?page_id=1805"},"modified":"2026-02-11T21:28:08","modified_gmt":"2026-02-11T20:28:08","slug":"les-temoignages","status":"publish","type":"page","link":"https:\/\/ad-aclille.fr\/index.php\/les-temoignages\/","title":{"rendered":"Les t\u00e9moignages"},"content":{"rendered":"<p><code style=\"padding-left: 40px;\"><\/code><a href=\"https:\/\/ad-aclille.fr\/index.php\/les-temoignages-questionnaire\/\">Action et D\u00e9mocratie vous a apport\u00e9 son aide et vous souhaitez partager votre exp\u00e9rience. Vous pouvez compl\u00e9ter le questionnaire : ICI <\/a><\/p>\n<pre><strong>T\u00e9moignage de Nicolas<\/strong>\r\nJ'ai assist\u00e9 \u00e0 une r\u00e9union syndicale \u00e0 Provin. Ambiance sympathique, renseignements clairs et \r\nutiles.\r\n<strong>Pour conclure les qualit\u00e9s principales d\u2019Action &amp; D\u00e9mocratie sont : <\/strong>\r\nLes coll\u00e8gues ma\u00eetrisent leur sujet et donnent de bons conseils.\r\nJe recommande moi aussi ce syndicat.\r\nLe 09 f\u00e9vrier 2026\r\n<\/pre>\n<pre><strong>T\u00e9moignage de Leila<\/strong>\r\nSt\u00e9phane a su \u00eatre \u00e0 l'\u00e9coute et se rendre disponible pour mon dossier en tant que stagiaire \r\nBOE. Il m'a apport\u00e9 des r\u00e9ponses concr\u00e8tes et son aide sans r\u00e9fl\u00e9chir. Un grand merci \u00e0 lui !\r\n<strong>Pour conclure les qualit\u00e9s principales d\u2019Action &amp; D\u00e9mocratie sont : <\/strong>\r\nDisponibilit\u00e9 et r\u00e9activit\u00e9.\r\nJe recommande moi aussi ce syndicat.\r\nLe 07 janvier 2026\r\n<\/pre>\n<pre><strong>T\u00e9moignage de Philibert<\/strong>\r\nBravo \u00e0 ACTION & DEMOCRATIE et merci \u00e0 St\u00e9phane et Jean Louis pour leur r\u00e9activit\u00e9 face \r\n\u00e0 mes interrogations pour le mouvement inter. Etant jeune stagiaire, j'\u00e9tais auparavant \r\ncadre et syndiqu\u00e9 CFE CGC... un syndicat s\u00e9rieux qui travaille en toute intelligence.\r\n<strong>Pour conclure les qualit\u00e9s principales d\u2019Action &amp; D\u00e9mocratie sont : <\/strong>\r\nNE PAS DIRE DE BETISES ET NE PAS ETRE AIGRI.\r\nJe recommande moi aussi ce syndicat.\r\nLe 21 novembre 2025\r\n<\/pre>\n<pre><strong>T\u00e9moignage de Jennifer<\/strong>\r\nLe syndicat m\u2019a aid\u00e9e \u00e0 la mise en place des am\u00e9nagements n\u00e9cessaires au respect de ma RQTH.\r\n<strong>Pour conclure les qualit\u00e9s principales d\u2019Action &amp; D\u00e9mocratie sont : <\/strong>\r\nLa r\u00e9activit\u00e9.\r\nJe recommande moi aussi ce syndicat.\r\nLe 28 octobre 2025\r\n<\/pre>\n<pre><strong>T\u00e9moignage d\u2019Eric<\/strong>\r\nL'\u00e9quipe acad\u00e9mique est tr\u00e8s bien organis\u00e9e. Pour chacun des probl\u00e8mes que j'ai pu rencontrer\r\nen tant que certifi\u00e9, j'ai \u00e9t\u00e9 mis en relation avec un r\u00e9f\u00e9rent tr\u00e8s comp\u00e9tent et r\u00e9actif. \r\nQualit\u00e9s aussi appr\u00e9ci\u00e9es d'ailleurs pour l'\u00e9quipe de direction qui est tr\u00e8s dynamique et\r\ninvestie dans le d\u00e9veloppement de l'antenne r\u00e9gionale d'A&D.\r\n<strong>Pour conclure les qualit\u00e9s principales d\u2019Action &amp; D\u00e9mocratie sont : <\/strong>\r\nL'\u00e9coute, la compr\u00e9hension des probl\u00e8mes et la recherche rapide de solutions adapt\u00e9es.\r\nJe recommande moi aussi ce syndicat.\r\nLe 19 ao\u00fbt 2025\r\n<\/pre>\n<pre><strong>T\u00e9moignage de Najate<\/strong>\r\nDepuis le d\u00e9but de l\u2019ann\u00e9e j\u2019ai trouv\u00e9 en A&amp;D une \u00e9coute attentive, des conseils et une aide\r\npr\u00e9cieuse. Ils m\u2019ont aid\u00e9 \u00e0 avoir l\u2019affectation que je voulais. Bravo ! Et je repars en tant\r\nqu\u2019adh\u00e9rente l\u2019ann\u00e9e prochaine sans h\u00e9siter. Bravo \u00e0 tous les membres d\u2019A&amp;D qui font que l\u2019on\r\nse sent \u00e9cout\u00e9e et soutenue ! MERCI !!\r\n<strong>Pour conclure les qualit\u00e9s principales d\u2019Action &amp; D\u00e9mocratie sont : <\/strong>\r\n\u00c9coute, soutien et conseil.\r\nJe recommande ce syndicat.\r\nLe 23 juillet 2025\r\n<\/pre>\n<pre><strong>T\u00e9moignage de Mostafa<\/strong>\r\nRemerciements \u00e0 Action &amp; D\u00e9mocratie.\r\nSuite \u00e0 une convocation \u00e0 un entretien concernant une \u00e9ventuelle lev\u00e9e d'une\r\nsuspension de deux ans, li\u00e9e \u00e0 une affaire judiciaire relevant de la sph\u00e8re priv\u00e9e,\r\nj\u2019ai imm\u00e9diatement pris contact avec mon coll\u00e8gue St\u00e9phane.\r\nTr\u00e8s r\u00e9actif, St\u00e9phane m\u2019a mis en relation avec Vincent, qui m\u2019a accompagn\u00e9 tout\r\nau long de cette d\u00e9marche. Son soutien moral a \u00e9t\u00e9 pour moi d\u2019une grande importance\r\net d\u2019un v\u00e9ritable r\u00e9confort dans un moment difficile.\r\nJe tiens donc \u00e0 remercier chaleureusement Vincent et St\u00e9phane pour leur aide pr\u00e9cieuse.\r\nMerci pour votre engagement.\r\n<strong>Les qualit\u00e9s essentielles d\u2019Action &amp; D\u00e9mocratie, que j\u2019ai pu constater personnellement sont : <\/strong>\r\n\u00c9coute, efficacit\u00e9, r\u00e9activit\u00e9, connaissance des dossiers et soutien moral.\r\nJe recommande ce syndicat.\r\nLe 15 juillet 2025\r\n<\/pre>\n<pre><strong>T\u00e9moignage de Vanessa<\/strong>\r\nJe suis contractuelle en C.D.I. depuis de nombreuses ann\u00e9es.\r\nJe n\u2019avais jamais fait de recours suite \u00e0 une affectation mais cette ann\u00e9e mon\r\naffectation allait mettre ma sant\u00e9 en p\u00e9ril car le poste \u00e0 pourvoir et que\r\nj\u2019avais d\u00e9j\u00e0 occup\u00e9 deux ans auparavant \u00e9tait trop lourd .\r\nGr\u00e2ce \u00e0 l\u2019invention de Vincent, j\u2019ai \u00e9t\u00e9 affect\u00e9e sur mon premier v\u0153ux. \r\nCela a \u00e9t\u00e9 un r\u00e9el soulagement.\r\nSans son intervention, je n\u2019aurais pas eu de recours aupr\u00e8s du rectorat.\r\nEncore un grand merci.\r\n<strong>Pour conclure les qualit\u00e9s principales d\u2019Action &amp; D\u00e9mocratie sont : <\/strong>\r\nla disponibilit\u00e9.\r\nJe recommande ce syndicat.\r\nLe 14 juillet 2025\r\n<\/pre>\n<pre><strong>T\u00e9moignage de Philippe<\/strong>\r\n\u00c0 la suite d\u2019un conflit avec ma direction (toxique), j'ai pu avoir le soutien \r\nd'Action et D\u00e9mocratie et en particulier celui de Michel, le copr\u00e9sident acad\u00e9mique, \r\nqui m'a accompagn\u00e9 dans le bureau du chef d'\u00e9tablissement. Merci encore.\r\n<strong>Pour conclure les qualit\u00e9s principales d\u2019Action &amp; D\u00e9mocratie sont : <\/strong>\r\nla r\u00e9activit\u00e9 sur le terrain.\r\nJe recommande ce syndicat.\r\nLe 25 juin 2025\r\n<\/pre>\n<pre><strong>T\u00e9moignage de Louise<\/strong>\r\nSyndicat r\u00e9actif et disponible. J'avais d\u00e9j\u00e0 fait appel \u00e0 A&amp;D lorsque j'\u00e9tais stagiaire \r\npour de l'aide concernant les mutations et le dossier de reclassement. Le syndicat m'avait\r\nbien aid\u00e9e. \r\nPlus r\u00e9cemment, j'ai eu le soutien de A&amp;D suite \u00e0 un probl\u00e8me au sein de mon \u00e9tablissement. \r\nJ'ai rapidement obtenu de l'aide et un r\u00e9el soutien autant moral qu'administratif.\r\n<strong>Pour conclure les qualit\u00e9s principales d\u2019Action &amp; D\u00e9mocratie sont : <\/strong>\r\nSyndicat r\u00e9actif et disponible.\r\nLe 22 avril 2025\r\n<\/pre>\n<pre><strong>T\u00e9moignage d\u2019Emma<\/strong>\r\nUn immense merci \u00e0 mon syndicat qui m\u2019a soutenue dans mon recours concernant mes paiements \r\ndu GRETA, bloqu\u00e9s depuis 5 mois. Gr\u00e2ce \u00e0 leur aide et leur intervention, la situation s\u2019est \r\nd\u00e9bloqu\u00e9e en un jour, et j\u2019ai enfin \u00e9t\u00e9 pay\u00e9e ! Preuve, s\u2019il en fallait une, que la solidarit\u00e9 \r\net l\u2019action collective font la diff\u00e9rence. \ud83d\udcaa\ud83d\udc4f.\r\n<strong>Pour conclure les qualit\u00e9s principales d\u2019Action &amp; D\u00e9mocratie sont : <\/strong>\r\nRapidit\u00e9, \u00e9coute et r\u00e9activit\u00e9.\r\nLe 04 avril 2025\r\n<\/pre>\n<pre><strong>T\u00e9moignage de Marc<\/strong>\r\nDans le cadre du mouvement intra-acad\u00e9mique, j\u2019ai \u00e9t\u00e9 en contact avec un interlocuteur\r\ndisponible et tr\u00e8s pr\u00e9cis dans ses renseignements qui a su r\u00e9pondre  \u00e0  toutes mes questions \r\nde fa\u00e7on rapide et efficace . Merci pour cet \u00e9change.\r\n<strong>Pour conclure les qualit\u00e9s principales d\u2019Action &amp; D\u00e9mocratie sont : <\/strong>\r\nLa disponibilit\u00e9 et la rapidit\u00e9 de r\u00e9ponse.\r\nLe 1er avril 2025\r\n<\/pre>\n<pre><strong>T\u00e9moignage de Sabrina<\/strong>\r\nAlors que j'avais quelques soucis dans mon \u00e9tablissement, le syndicat a \u00e9t\u00e9 d'une grande\r\naide. Tr\u00e8s \u00e0 l'\u00e9coute, ils ont su me soutenir, m'aider et \u00eatre l\u00e0 pour moi.\r\n<strong>Pour conclure les qualit\u00e9s principales d\u2019Action &amp; D\u00e9mocratie sont : <\/strong>\r\n\u00c9coute et r\u00e9activit\u00e9.\r\nLe 30 janvier 2025\r\n<\/pre>\n<pre><strong>T\u00e9moignage de Delphine<\/strong>\r\nSuite \u00e0 un gros dilemme avec mon employeur (UFA), le syndicat dont j'avais eu le num\u00e9ro par \r\nune coll\u00e8gue, d\u00e9j\u00e0 tr\u00e8s satisfaite de leurs services, m'a rappel\u00e9e tout de suite, m'a bien \r\naid\u00e9e, que ce soit pour les d\u00e9marches que pour le soutien psychologique et me suit toujours.\r\nRapidit\u00e9, \u00e9coute et efficacit\u00e9. Il est vraiment important de se syndiquer dans ces moments \r\ndifficiles. Une aide vraiment pr\u00e9cieuse !\r\n<strong>Pour conclure les qualit\u00e9s principales d\u2019Action &amp; D\u00e9mocratie sont : <\/strong>\r\nRapidit\u00e9, \u00e9coute, aide aux d\u00e9marches et soutien psychologique.\r\nLe 28 janvier 2025\r\n<\/pre>\n<pre><strong>T\u00e9moignage d\u2019Ang\u00e9lique<\/strong>\r\nEn septembre 2024, suite \u00e0 un probl\u00e8me de salaire, j\u2019ai contact\u00e9 le service concern\u00e9 qui \r\nm\u2019a dit de cesser imm\u00e9diatement mon contrat alors qu\u2019il arrivait \u00e0 son terme en ao\u00fbt 2025.\r\nAyant d\u2019autres soucis personnels, j\u2019\u00e9tais effondr\u00e9e \u00e0 cette annonce. J\u2019ai fait appel au \r\nsyndicat qui a \u00e9t\u00e9 \u00e0 mon \u00e9coute et qui a r\u00e9gl\u00e9 cette situation rapidement.\r\nSans eux, je savais que je n'avais aucune chance de m\u2019en sortir!\r\nVOUS POUVEZ COMPTER SUR EUX! Mille mercis.\r\n<strong>Pour conclure les qualit\u00e9s principales d\u2019Action &amp; D\u00e9mocratie sont : <\/strong> \r\n\u00c9coute, disponibilit\u00e9, efficacit\u00e9 et bienveillance. \r\nLe 25 janvier 2025\r\n<\/pre>\n<pre><strong>T\u00e9moignage de Maryline<\/strong>\r\nAction et D\u00e9mocratie est \u00e0 mes c\u00f4t\u00e9s depuis de nombreuses ann\u00e9es pour d\u00e9jouer les pi\u00e8ges \r\ntendus par l'administration. Gr\u00e2ce \u00e0 Action et D\u00e9mocratie j'ai pu faire valoir des droits \r\nque l'administration ne prenait pas en compte. Aujourd'hui encore, l'aide et les conseils \r\ndes membres du syndicat sont tr\u00e8s pr\u00e9cieux. Leur pr\u00e9sence \u00e0 mes c\u00f4t\u00e9s dans les d\u00e9marches \r\nadministratives et parfois juridiques est un soutien tr\u00e8s important. Je ne me sens plus \r\nseule, je sais que j'aurai une oreille attentive, une pr\u00e9sence, un soutien. \r\n<strong>Pour conclure les qualit\u00e9s principales d\u2019Action &amp; D\u00e9mocratie sont : <\/strong> \r\nDisponibilit\u00e9, \u00e9coute, accompagnement. \r\nLe 21 janvier 2025\r\n<\/pre>\n<pre><strong>T\u00e9moignage de Fr\u00e9d\u00e9ric<\/strong>\r\nJ'ai contact\u00e9 le syndicat pour un probl\u00e8me de primes. Une solution a \u00e9t\u00e9 trouv\u00e9e tr\u00e8s \r\nrapidement.\r\nR\u00e9actif et tr\u00e8s efficace : merci ! \r\n<strong>Pour conclure les qualit\u00e9s principales d\u2019Action &amp; D\u00e9mocratie sont : <\/strong> \r\n\u00c9coute, efficacit\u00e9, r\u00e9activit\u00e9, connaissance des dossiers. \r\nLe 15 janvier 2025\r\n<\/pre>\n","protected":false},"excerpt":{"rendered":"<p>Action et D\u00e9mocratie vous a apport\u00e9 son aide et vous souhaitez partager votre exp\u00e9rience. Vous pouvez compl\u00e9ter le questionnaire :<\/p>\n","protected":false},"author":3,"featured_media":0,"parent":0,"menu_order":0,"comment_status":"closed","ping_status":"closed","template":"","meta":{"footnotes":""},"class_list":["post-1805","page","type-page","status-publish","hentry","comments-off"],"_links":{"self":[{"href":"https:\/\/ad-aclille.fr\/index.php\/wp-json\/wp\/v2\/pages\/1805","targetHints":{"allow":["GET"]}}],"collection":[{"href":"https:\/\/ad-aclille.fr\/index.php\/wp-json\/wp\/v2\/pages"}],"about":[{"href":"https:\/\/ad-aclille.fr\/index.php\/wp-json\/wp\/v2\/types\/page"}],"author":[{"embeddable":true,"href":"https:\/\/ad-aclille.fr\/index.php\/wp-json\/wp\/v2\/users\/3"}],"replies":[{"embeddable":true,"href":"https:\/\/ad-aclille.fr\/index.php\/wp-json\/wp\/v2\/comments?post=1805"}],"version-history":[{"count":27,"href":"https:\/\/ad-aclille.fr\/index.php\/wp-json\/wp\/v2\/pages\/1805\/revisions"}],"predecessor-version":[{"id":2680,"href":"https:\/\/ad-aclille.fr\/index.php\/wp-json\/wp\/v2\/pages\/1805\/revisions\/2680"}],"wp:attachment":[{"href":"https:\/\/ad-aclille.fr\/index.php\/wp-json\/wp\/v2\/media?parent=1805"}],"curies":[{"name":"wp","href":"https:\/\/api.w.org\/{rel}","templated":true}]}}