{"id":1789,"date":"2024-12-24T11:35:56","date_gmt":"2024-12-24T10:35:56","guid":{"rendered":"https:\/\/ad-aclille.fr\/?page_id=1789"},"modified":"2025-03-31T15:38:34","modified_gmt":"2025-03-31T13:38:34","slug":"aesh","status":"publish","type":"page","link":"https:\/\/ad-aclille.fr\/index.php\/aesh\/","title":{"rendered":"AESH"},"content":{"rendered":"<ul>\n<li><strong>R\u00e9f\u00e9rents Nationaux<\/strong><br \/>PARAUT TAVEL Marie et BOUVIER Laurent<\/li>\n<li><strong>R\u00e9f\u00e9rente Acad\u00e9mique<\/strong><\/br>Potier Laurence : <a href=\"mailto:laurence.potier@ac-lille.fr\" target=\"_blank\">laurence.potier@ac-lille.fr<\/a><\/br> Nairaince Sophie : <a href=\"mailto:nairaince_s@hotmail.fr\" target=\"_blank\">nairaince_s@hotmail.fr<\/a><\/li>\n<\/ul>\n<ul>\n<li><strong>Statut des AESH\u00a0: <\/strong><strong><a href=\"https:\/\/ad-aclille.fr\/index.php\/statut-des-aesh\/\" rel=\"noopener noreferrer\">Les principaux textes qui r\u00e9gissent les AESH &#8230;<\/a><\/strong><\/li>\n<\/ul>\n<ul>\n<li><strong>Conditions de travail des AESH\u00a0: <\/strong><strong><a href=\"https:\/\/ad-aclille.fr\/wp-content\/uploads\/2025\/01\/Pourquoi-le-metier-AESH-nattire-plus.pdf\" target=\"_blank\" rel=\"noopener noreferrer\">Pourquoi le m\u00e9tier AESH n&rsquo;attire plus &#8230;<\/a><\/strong><\/li>\n<\/ul>\n","protected":false},"excerpt":{"rendered":"<p>R\u00e9f\u00e9rents NationauxPARAUT TAVEL Marie et BOUVIER Laurent R\u00e9f\u00e9rente Acad\u00e9miquePotier Laurence : laurence.potier@ac-lille.fr Nairaince Sophie : nairaince_s@hotmail.fr Statut des AESH\u00a0: Les<\/p>\n","protected":false},"author":3,"featured_media":0,"parent":0,"menu_order":0,"comment_status":"closed","ping_status":"closed","template":"","meta":{"footnotes":""},"class_list":["post-1789","page","type-page","status-publish","hentry","comments-off"],"_links":{"self":[{"href":"https:\/\/ad-aclille.fr\/index.php\/wp-json\/wp\/v2\/pages\/1789","targetHints":{"allow":["GET"]}}],"collection":[{"href":"https:\/\/ad-aclille.fr\/index.php\/wp-json\/wp\/v2\/pages"}],"about":[{"href":"https:\/\/ad-aclille.fr\/index.php\/wp-json\/wp\/v2\/types\/page"}],"author":[{"embeddable":true,"href":"https:\/\/ad-aclille.fr\/index.php\/wp-json\/wp\/v2\/users\/3"}],"replies":[{"embeddable":true,"href":"https:\/\/ad-aclille.fr\/index.php\/wp-json\/wp\/v2\/comments?post=1789"}],"version-history":[{"count":11,"href":"https:\/\/ad-aclille.fr\/index.php\/wp-json\/wp\/v2\/pages\/1789\/revisions"}],"predecessor-version":[{"id":2204,"href":"https:\/\/ad-aclille.fr\/index.php\/wp-json\/wp\/v2\/pages\/1789\/revisions\/2204"}],"wp:attachment":[{"href":"https:\/\/ad-aclille.fr\/index.php\/wp-json\/wp\/v2\/media?parent=1789"}],"curies":[{"name":"wp","href":"https:\/\/api.w.org\/{rel}","templated":true}]}}