{"id":1785,"date":"2024-12-24T11:35:56","date_gmt":"2024-12-24T10:35:56","guid":{"rendered":"https:\/\/ad-aclille.fr\/?page_id=1785"},"modified":"2025-01-23T22:51:31","modified_gmt":"2025-01-23T21:51:31","slug":"agreges","status":"publish","type":"page","link":"https:\/\/ad-aclille.fr\/index.php\/agreges\/","title":{"rendered":"Agr\u00e9g\u00e9s"},"content":{"rendered":"<ul>\n<li><strong>R\u00e9f\u00e9rents Nationaux<\/strong><br \/>SPICHER Anne, DE PINS Cyril et EHLINGER Salima<\/li>\n<\/ul>\n<ul>\n<li><strong>Statut des Agr\u00e9g\u00e9s\u00a0: <\/strong><strong><a href=\"https:\/\/ad-aclille.fr\/index.php\/statut-des-agreges\" rel=\"noopener noreferrer\">Statut et missions des professeurs agr\u00e9g\u00e9s<\/a><\/strong><\/li>\n<\/ul>\n<ul>\n<li><strong>Conditions de travail des enseignants\u00a0: <\/strong><strong><a href=\"https:\/\/ad-aclille.fr\/wp-content\/uploads\/2025\/01\/Conditions-de-travail-des-enseignants.pdf\" target=\"_blank\" rel=\"noopener noreferrer\">Parlons de nos conditions r\u00e9elles de travail &#8230;<\/a><\/strong><\/li>\n<\/ul>\n","protected":false},"excerpt":{"rendered":"<p>R\u00e9f\u00e9rents NationauxSPICHER Anne, DE PINS Cyril et EHLINGER Salima Statut des Agr\u00e9g\u00e9s\u00a0: Statut et missions des professeurs agr\u00e9g\u00e9s Conditions de<\/p>\n","protected":false},"author":3,"featured_media":0,"parent":0,"menu_order":0,"comment_status":"closed","ping_status":"closed","template":"","meta":{"footnotes":""},"class_list":["post-1785","page","type-page","status-publish","hentry","comments-off"],"_links":{"self":[{"href":"https:\/\/ad-aclille.fr\/index.php\/wp-json\/wp\/v2\/pages\/1785","targetHints":{"allow":["GET"]}}],"collection":[{"href":"https:\/\/ad-aclille.fr\/index.php\/wp-json\/wp\/v2\/pages"}],"about":[{"href":"https:\/\/ad-aclille.fr\/index.php\/wp-json\/wp\/v2\/types\/page"}],"author":[{"embeddable":true,"href":"https:\/\/ad-aclille.fr\/index.php\/wp-json\/wp\/v2\/users\/3"}],"replies":[{"embeddable":true,"href":"https:\/\/ad-aclille.fr\/index.php\/wp-json\/wp\/v2\/comments?post=1785"}],"version-history":[{"count":12,"href":"https:\/\/ad-aclille.fr\/index.php\/wp-json\/wp\/v2\/pages\/1785\/revisions"}],"predecessor-version":[{"id":1932,"href":"https:\/\/ad-aclille.fr\/index.php\/wp-json\/wp\/v2\/pages\/1785\/revisions\/1932"}],"wp:attachment":[{"href":"https:\/\/ad-aclille.fr\/index.php\/wp-json\/wp\/v2\/media?parent=1785"}],"curies":[{"name":"wp","href":"https:\/\/api.w.org\/{rel}","templated":true}]}}