{"id":1784,"date":"2024-12-24T11:35:56","date_gmt":"2024-12-24T10:35:56","guid":{"rendered":"https:\/\/ad-aclille.fr\/?page_id=1784"},"modified":"2025-03-31T16:02:45","modified_gmt":"2025-03-31T14:02:45","slug":"certifies","status":"publish","type":"page","link":"https:\/\/ad-aclille.fr\/index.php\/certifies\/","title":{"rendered":"Certifi\u00e9s"},"content":{"rendered":"<ul>\n<li><strong>R\u00e9f\u00e9rente Acad\u00e9mique<\/strong><\/br>CERDAN Carine : <a href=\"mailto:carinecerdan@gmail.com\" target=\"_blank\">carinecerdan@gmail.com<\/a><\/li>\n<\/ul>\n<ul>\n<li><strong>Conditions de travail des enseignants\u00a0: <\/strong><strong><a href=\"https:\/\/ad-aclille.fr\/wp-content\/uploads\/2025\/01\/Conditions-de-travail-des-enseignants.pdf\" target=\"_blank\" rel=\"noopener noreferrer\">Parlons de nos conditions r\u00e9elles de travail &#8230;<\/a><\/strong><\/li>\n<\/ul>\n","protected":false},"excerpt":{"rendered":"<p>R\u00e9f\u00e9rente Acad\u00e9miqueCERDAN Carine : carinecerdan@gmail.com Conditions de travail des enseignants\u00a0: Parlons de nos conditions r\u00e9elles de travail &#8230;<\/p>\n","protected":false},"author":3,"featured_media":0,"parent":0,"menu_order":0,"comment_status":"closed","ping_status":"closed","template":"","meta":{"footnotes":""},"class_list":["post-1784","page","type-page","status-publish","hentry","comments-off"],"_links":{"self":[{"href":"https:\/\/ad-aclille.fr\/index.php\/wp-json\/wp\/v2\/pages\/1784","targetHints":{"allow":["GET"]}}],"collection":[{"href":"https:\/\/ad-aclille.fr\/index.php\/wp-json\/wp\/v2\/pages"}],"about":[{"href":"https:\/\/ad-aclille.fr\/index.php\/wp-json\/wp\/v2\/types\/page"}],"author":[{"embeddable":true,"href":"https:\/\/ad-aclille.fr\/index.php\/wp-json\/wp\/v2\/users\/3"}],"replies":[{"embeddable":true,"href":"https:\/\/ad-aclille.fr\/index.php\/wp-json\/wp\/v2\/comments?post=1784"}],"version-history":[{"count":6,"href":"https:\/\/ad-aclille.fr\/index.php\/wp-json\/wp\/v2\/pages\/1784\/revisions"}],"predecessor-version":[{"id":2206,"href":"https:\/\/ad-aclille.fr\/index.php\/wp-json\/wp\/v2\/pages\/1784\/revisions\/2206"}],"wp:attachment":[{"href":"https:\/\/ad-aclille.fr\/index.php\/wp-json\/wp\/v2\/media?parent=1784"}],"curies":[{"name":"wp","href":"https:\/\/api.w.org\/{rel}","templated":true}]}}