{"id":1721,"date":"2024-12-23T12:01:20","date_gmt":"2024-12-23T11:01:20","guid":{"rendered":"https:\/\/ad-aclille.fr\/?page_id=1721"},"modified":"2025-05-12T08:59:17","modified_gmt":"2025-05-12T06:59:17","slug":"plp","status":"publish","type":"page","link":"https:\/\/ad-aclille.fr\/index.php\/metiers\/plp\/","title":{"rendered":"PLP"},"content":{"rendered":"<ul>\n<li><strong>R\u00e9f\u00e9rents Nationaux<\/strong><br \/>PAILLARD Michel\u00a0\u00a0\u00a0 06.07.06.16.29\u00a0 aetd62@gmail.com<\/li>\n<li><strong>R\u00e9f\u00e9rente Acad\u00e9mique<\/strong><\/br>LYOEN Franck : <a href=\"mailto:franck.lyoen.59@gmail.com\" target=\"_blank\">franck.lyoen.59@gmail.com<\/a><\/li>\n<\/ul>\n<ul>\n<li><strong>Statut PLP\u00a0: <\/strong><strong><a href=\"https:\/\/www.legifrance.gouv.fr\/loda\/id\/JORFTEXT000000528079\" target=\"_blank\" rel=\"noopener noreferrer\">D\u00e9cret n\u00b092-1189 du 6 novembre 1992 relatif au statut particulier des professeurs de lyc\u00e9e professionnel<\/a><\/strong>\n<\/ul>\n<ul>\n<li><strong>Conditions de travail des enseignants\u00a0: <\/strong><strong><a href=\"https:\/\/ad-aclille.fr\/wp-content\/uploads\/2025\/01\/Conditions-de-travail-des-enseignants.pdf\" target=\"_blank\" rel=\"noopener noreferrer\">Parlons de nos conditions r\u00e9elles de travail &#8230;<\/a><\/strong><\/li>\n<\/ul>\n<ul>\n<li><strong>Ostic\u00a0mai 2025 : <\/strong><strong><a href=\"https:\/\/ad-aclille.fr\/wp-content\/uploads\/2025\/05\/Ostic-enseignants-et-CPE-mai-2025.pdf\" target=\"_blank\" rel=\"noopener noreferrer\">Enseignants et CPE \u00e0 Action&#038;D\u00e9mocratie LILLE<\/a><\/strong><\/li>\n<\/ul>\n","protected":false},"excerpt":{"rendered":"<p>R\u00e9f\u00e9rents NationauxPAILLARD Michel\u00a0\u00a0\u00a0 06.07.06.16.29\u00a0 aetd62@gmail.com R\u00e9f\u00e9rente Acad\u00e9miqueLYOEN Franck : franck.lyoen.59@gmail.com Statut PLP\u00a0: D\u00e9cret n\u00b092-1189 du 6 novembre 1992 relatif au<\/p>\n","protected":false},"author":3,"featured_media":0,"parent":134,"menu_order":900,"comment_status":"closed","ping_status":"closed","template":"","meta":{"footnotes":""},"class_list":["post-1721","page","type-page","status-publish","hentry","comments-off"],"_links":{"self":[{"href":"https:\/\/ad-aclille.fr\/index.php\/wp-json\/wp\/v2\/pages\/1721","targetHints":{"allow":["GET"]}}],"collection":[{"href":"https:\/\/ad-aclille.fr\/index.php\/wp-json\/wp\/v2\/pages"}],"about":[{"href":"https:\/\/ad-aclille.fr\/index.php\/wp-json\/wp\/v2\/types\/page"}],"author":[{"embeddable":true,"href":"https:\/\/ad-aclille.fr\/index.php\/wp-json\/wp\/v2\/users\/3"}],"replies":[{"embeddable":true,"href":"https:\/\/ad-aclille.fr\/index.php\/wp-json\/wp\/v2\/comments?post=1721"}],"version-history":[{"count":15,"href":"https:\/\/ad-aclille.fr\/index.php\/wp-json\/wp\/v2\/pages\/1721\/revisions"}],"predecessor-version":[{"id":2281,"href":"https:\/\/ad-aclille.fr\/index.php\/wp-json\/wp\/v2\/pages\/1721\/revisions\/2281"}],"up":[{"embeddable":true,"href":"https:\/\/ad-aclille.fr\/index.php\/wp-json\/wp\/v2\/pages\/134"}],"wp:attachment":[{"href":"https:\/\/ad-aclille.fr\/index.php\/wp-json\/wp\/v2\/media?parent=1721"}],"curies":[{"name":"wp","href":"https:\/\/api.w.org\/{rel}","templated":true}]}}