{"id":1712,"date":"2024-12-23T11:20:33","date_gmt":"2024-12-23T10:20:33","guid":{"rendered":"https:\/\/ad-aclille.fr\/?page_id=1712"},"modified":"2026-03-26T21:18:13","modified_gmt":"2026-03-26T20:18:13","slug":"les-futures-reunions","status":"publish","type":"page","link":"https:\/\/ad-aclille.fr\/index.php\/les-futures-reunions\/","title":{"rendered":"Les futures r\u00e9unions"},"content":{"rendered":"<p><code style=\"padding-left: 40px;\"><\/code>C\u2019est avec grand plaisir que nous vous accueillerons toutes et tous dans l\u2019une de nos r\u00e9unions \u00e0 venir. Il vous suffit pour cela de r\u00e9clamer une invitation \u00e0 l&rsquo;adresse vincentmehay.adlille@gmail.com ou \u00e0 stephaneavril.adlille@gmail.com<br \/>\nNotre slogan est \u00ab R\u00e9activit\u00e9 et Proximit\u00e9 \u00bb. N\u2019h\u00e9sitez surtout pas \u00e0 nous faire conna\u00eetre vos souhaits, vos dol\u00e9ances, ou exprimer votre satisfaction.<\/p>\n<ul>\n<li>\n<h5>Conseil Syndical Acad\u00e9mique<\/h5>\n<p>&#8211; Mardi 31 mars 2026 : au lyc\u00e9e Robespierre \u00e0 Lens.<\/li>\n<li>\n<h5>Secr\u00e9tariat acad\u00e9mique<\/h5>\n<p>&#8211; Mercredi 29 avril 2026 : au parc d\u00e9partemental et de loisirs d&rsquo;Olhain.<\/li>\n<li>\n<h5>Congr\u00e8s Acad\u00e9mique ( concerne tous les adh\u00e9rents )<\/h5>\n<p>&#8211; Jeudi 30 avril 2026 : au parc d\u00e9partemental et de loisirs d&rsquo;Olhain.<\/li>\n<\/ul>\n","protected":false},"excerpt":{"rendered":"<p>C\u2019est avec grand plaisir que nous vous accueillerons toutes et tous dans l\u2019une de nos r\u00e9unions \u00e0 venir. Il vous<\/p>\n","protected":false},"author":3,"featured_media":0,"parent":0,"menu_order":50,"comment_status":"closed","ping_status":"closed","template":"","meta":{"footnotes":""},"class_list":["post-1712","page","type-page","status-publish","hentry","comments-off"],"_links":{"self":[{"href":"https:\/\/ad-aclille.fr\/index.php\/wp-json\/wp\/v2\/pages\/1712","targetHints":{"allow":["GET"]}}],"collection":[{"href":"https:\/\/ad-aclille.fr\/index.php\/wp-json\/wp\/v2\/pages"}],"about":[{"href":"https:\/\/ad-aclille.fr\/index.php\/wp-json\/wp\/v2\/types\/page"}],"author":[{"embeddable":true,"href":"https:\/\/ad-aclille.fr\/index.php\/wp-json\/wp\/v2\/users\/3"}],"replies":[{"embeddable":true,"href":"https:\/\/ad-aclille.fr\/index.php\/wp-json\/wp\/v2\/comments?post=1712"}],"version-history":[{"count":48,"href":"https:\/\/ad-aclille.fr\/index.php\/wp-json\/wp\/v2\/pages\/1712\/revisions"}],"predecessor-version":[{"id":2715,"href":"https:\/\/ad-aclille.fr\/index.php\/wp-json\/wp\/v2\/pages\/1712\/revisions\/2715"}],"wp:attachment":[{"href":"https:\/\/ad-aclille.fr\/index.php\/wp-json\/wp\/v2\/media?parent=1712"}],"curies":[{"name":"wp","href":"https:\/\/api.w.org\/{rel}","templated":true}]}}